{"id":467,"date":"2023-11-23T15:12:12","date_gmt":"2023-11-23T18:12:12","guid":{"rendered":"https:\/\/uniqueembalagem.com.br\/?post_type=product&#038;p=467"},"modified":"2023-11-24T14:19:22","modified_gmt":"2023-11-24T17:19:22","slug":"pano-de-colheita","status":"publish","type":"product","link":"https:\/\/uniqueembalagem.com.br\/index.php\/produto\/pano-de-colheita\/","title":{"rendered":"PANO DE COLHEITA"},"content":{"rendered":"<p>As principais vantagens de se utilizar pano de colheita s\u00e3o:<\/p>\n<p><strong>Aumento da produtividade<\/strong>: O pano de colheita permite que os trabalhadores coletem mais frutos em menos tempo, aumentando a produtividade da colheita.<\/p>\n<p><strong>Melhoria da qualidade do caf\u00e9:<\/strong> O pano de colheita ajuda a proteger os frutos do caf\u00e9 de danos, o que resulta em um produto de melhor qualidade.<\/p>\n<p><strong>Redu\u00e7\u00e3o de custos:<\/strong> O pano de colheita \u00e9 uma ferramenta relativamente barata, o que pode ajudar a reduzir os custos de produ\u00e7\u00e3o do caf\u00e9.<\/p>\n","protected":false},"excerpt":{"rendered":"<p>\u2022 Vers\u00e1til e eficiente para colheita de gr\u00e3os<br \/>\n\u2022 Resistente e flex\u00edvel, de f\u00e1cil manuseio<br \/>\n\u2022 Totalmente confeccionado na medida que desejar<\/p>\n","protected":false},"featured_media":468,"comment_status":"open","ping_status":"closed","template":"","meta":{"_joinchat":[]},"product_cat":[21],"product_tag":[],"yoast_head":"<!-- This site is optimized with the Yoast SEO plugin v23.4 - https:\/\/yoast.com\/wordpress\/plugins\/seo\/ -->\n<title>PANO DE COLHEITA - Unique Embalagem<\/title>\n<meta name=\"robots\" content=\"index, follow, max-snippet:-1, max-image-preview:large, max-video-preview:-1\" \/>\n<link rel=\"canonical\" href=\"https:\/\/uniqueembalagem.com.br\/index.php\/produto\/pano-de-colheita\/\" \/>\n<meta property=\"og:locale\" content=\"en_US\" \/>\n<meta property=\"og:type\" content=\"article\" \/>\n<meta property=\"og:title\" content=\"PANO DE COLHEITA - Unique Embalagem\" \/>\n<meta property=\"og:description\" content=\"\u2022 Vers\u00e1til e eficiente para colheita de gr\u00e3os \u2022 Resistente e flex\u00edvel, de f\u00e1cil manuseio \u2022 Totalmente confeccionado na medida que desejar\" \/>\n<meta property=\"og:url\" content=\"https:\/\/uniqueembalagem.com.br\/index.php\/produto\/pano-de-colheita\/\" \/>\n<meta property=\"og:site_name\" content=\"Unique Embalagem\" \/>\n<meta property=\"article:modified_time\" content=\"2023-11-24T17:19:22+00:00\" \/>\n<meta property=\"og:image\" content=\"https:\/\/uniqueembalagem.com.br\/wp-content\/uploads\/2023\/11\/202311-PizziPacking_Colheita_FT.png\" \/>\n\t<meta property=\"og:image:width\" content=\"3334\" \/>\n\t<meta property=\"og:image:height\" content=\"3334\" \/>\n\t<meta property=\"og:image:type\" content=\"image\/png\" \/>\n<meta name=\"twitter:card\" content=\"summary_large_image\" \/>\n<script type=\"application\/ld+json\" class=\"yoast-schema-graph\">{\"@context\":\"https:\/\/schema.org\",\"@graph\":[{\"@type\":\"WebPage\",\"@id\":\"https:\/\/uniqueembalagem.com.br\/index.php\/produto\/pano-de-colheita\/\",\"url\":\"https:\/\/uniqueembalagem.com.br\/index.php\/produto\/pano-de-colheita\/\",\"name\":\"PANO DE COLHEITA - Unique Embalagem\",\"isPartOf\":{\"@id\":\"https:\/\/uniqueembalagem.com.br\/#website\"},\"primaryImageOfPage\":{\"@id\":\"https:\/\/uniqueembalagem.com.br\/index.php\/produto\/pano-de-colheita\/#primaryimage\"},\"image\":{\"@id\":\"https:\/\/uniqueembalagem.com.br\/index.php\/produto\/pano-de-colheita\/#primaryimage\"},\"thumbnailUrl\":\"https:\/\/uniqueembalagem.com.br\/wp-content\/uploads\/2023\/11\/202311-PizziPacking_Colheita_FT.png\",\"datePublished\":\"2023-11-23T18:12:12+00:00\",\"dateModified\":\"2023-11-24T17:19:22+00:00\",\"breadcrumb\":{\"@id\":\"https:\/\/uniqueembalagem.com.br\/index.php\/produto\/pano-de-colheita\/#breadcrumb\"},\"inLanguage\":\"en-US\",\"potentialAction\":[{\"@type\":\"ReadAction\",\"target\":[\"https:\/\/uniqueembalagem.com.br\/index.php\/produto\/pano-de-colheita\/\"]}]},{\"@type\":\"ImageObject\",\"inLanguage\":\"en-US\",\"@id\":\"https:\/\/uniqueembalagem.com.br\/index.php\/produto\/pano-de-colheita\/#primaryimage\",\"url\":\"https:\/\/uniqueembalagem.com.br\/wp-content\/uploads\/2023\/11\/202311-PizziPacking_Colheita_FT.png\",\"contentUrl\":\"https:\/\/uniqueembalagem.com.br\/wp-content\/uploads\/2023\/11\/202311-PizziPacking_Colheita_FT.png\",\"width\":3334,\"height\":3334,\"caption\":\"pano de colheita\"},{\"@type\":\"BreadcrumbList\",\"@id\":\"https:\/\/uniqueembalagem.com.br\/index.php\/produto\/pano-de-colheita\/#breadcrumb\",\"itemListElement\":[{\"@type\":\"ListItem\",\"position\":1,\"name\":\"Home\",\"item\":\"https:\/\/uniqueembalagem.com.br\/\"},{\"@type\":\"ListItem\",\"position\":2,\"name\":\"Loja\",\"item\":\"https:\/\/uniqueembalagem.com.br\/index.php\/loja\/\"},{\"@type\":\"ListItem\",\"position\":3,\"name\":\"PANO DE COLHEITA\"}]},{\"@type\":\"WebSite\",\"@id\":\"https:\/\/uniqueembalagem.com.br\/#website\",\"url\":\"https:\/\/uniqueembalagem.com.br\/\",\"name\":\"Unique Embalagem\",\"description\":\"Unique Embalagem Big Bag e Bulkliners\",\"publisher\":{\"@id\":\"https:\/\/uniqueembalagem.com.br\/#organization\"},\"potentialAction\":[{\"@type\":\"SearchAction\",\"target\":{\"@type\":\"EntryPoint\",\"urlTemplate\":\"https:\/\/uniqueembalagem.com.br\/?s={search_term_string}\"},\"query-input\":{\"@type\":\"PropertyValueSpecification\",\"valueRequired\":true,\"valueName\":\"search_term_string\"}}],\"inLanguage\":\"en-US\"},{\"@type\":\"Organization\",\"@id\":\"https:\/\/uniqueembalagem.com.br\/#organization\",\"name\":\"Unique Embalagem\",\"url\":\"https:\/\/uniqueembalagem.com.br\/\",\"logo\":{\"@type\":\"ImageObject\",\"inLanguage\":\"en-US\",\"@id\":\"https:\/\/uniqueembalagem.com.br\/#\/schema\/logo\/image\/\",\"url\":\"https:\/\/uniqueembalagem.com.br\/wp-content\/uploads\/2023\/10\/novo-logo.png\",\"contentUrl\":\"https:\/\/uniqueembalagem.com.br\/wp-content\/uploads\/2023\/10\/novo-logo.png\",\"width\":146,\"height\":51,\"caption\":\"Unique Embalagem\"},\"image\":{\"@id\":\"https:\/\/uniqueembalagem.com.br\/#\/schema\/logo\/image\/\"},\"sameAs\":[\"https:\/\/www.instagram.com\/uniqueembalagem\/\"]}]}<\/script>\n<!-- \/ Yoast SEO plugin. -->","yoast_head_json":{"title":"PANO DE COLHEITA - Unique Embalagem","robots":{"index":"index","follow":"follow","max-snippet":"max-snippet:-1","max-image-preview":"max-image-preview:large","max-video-preview":"max-video-preview:-1"},"canonical":"https:\/\/uniqueembalagem.com.br\/index.php\/produto\/pano-de-colheita\/","og_locale":"en_US","og_type":"article","og_title":"PANO DE COLHEITA - Unique Embalagem","og_description":"\u2022 Vers\u00e1til e eficiente para colheita de gr\u00e3os \u2022 Resistente e flex\u00edvel, de f\u00e1cil manuseio \u2022 Totalmente confeccionado na medida que desejar","og_url":"https:\/\/uniqueembalagem.com.br\/index.php\/produto\/pano-de-colheita\/","og_site_name":"Unique Embalagem","article_modified_time":"2023-11-24T17:19:22+00:00","og_image":[{"width":3334,"height":3334,"url":"https:\/\/uniqueembalagem.com.br\/wp-content\/uploads\/2023\/11\/202311-PizziPacking_Colheita_FT.png","type":"image\/png"}],"twitter_card":"summary_large_image","schema":{"@context":"https:\/\/schema.org","@graph":[{"@type":"WebPage","@id":"https:\/\/uniqueembalagem.com.br\/index.php\/produto\/pano-de-colheita\/","url":"https:\/\/uniqueembalagem.com.br\/index.php\/produto\/pano-de-colheita\/","name":"PANO DE COLHEITA - Unique Embalagem","isPartOf":{"@id":"https:\/\/uniqueembalagem.com.br\/#website"},"primaryImageOfPage":{"@id":"https:\/\/uniqueembalagem.com.br\/index.php\/produto\/pano-de-colheita\/#primaryimage"},"image":{"@id":"https:\/\/uniqueembalagem.com.br\/index.php\/produto\/pano-de-colheita\/#primaryimage"},"thumbnailUrl":"https:\/\/uniqueembalagem.com.br\/wp-content\/uploads\/2023\/11\/202311-PizziPacking_Colheita_FT.png","datePublished":"2023-11-23T18:12:12+00:00","dateModified":"2023-11-24T17:19:22+00:00","breadcrumb":{"@id":"https:\/\/uniqueembalagem.com.br\/index.php\/produto\/pano-de-colheita\/#breadcrumb"},"inLanguage":"en-US","potentialAction":[{"@type":"ReadAction","target":["https:\/\/uniqueembalagem.com.br\/index.php\/produto\/pano-de-colheita\/"]}]},{"@type":"ImageObject","inLanguage":"en-US","@id":"https:\/\/uniqueembalagem.com.br\/index.php\/produto\/pano-de-colheita\/#primaryimage","url":"https:\/\/uniqueembalagem.com.br\/wp-content\/uploads\/2023\/11\/202311-PizziPacking_Colheita_FT.png","contentUrl":"https:\/\/uniqueembalagem.com.br\/wp-content\/uploads\/2023\/11\/202311-PizziPacking_Colheita_FT.png","width":3334,"height":3334,"caption":"pano de colheita"},{"@type":"BreadcrumbList","@id":"https:\/\/uniqueembalagem.com.br\/index.php\/produto\/pano-de-colheita\/#breadcrumb","itemListElement":[{"@type":"ListItem","position":1,"name":"Home","item":"https:\/\/uniqueembalagem.com.br\/"},{"@type":"ListItem","position":2,"name":"Loja","item":"https:\/\/uniqueembalagem.com.br\/index.php\/loja\/"},{"@type":"ListItem","position":3,"name":"PANO DE COLHEITA"}]},{"@type":"WebSite","@id":"https:\/\/uniqueembalagem.com.br\/#website","url":"https:\/\/uniqueembalagem.com.br\/","name":"Unique Embalagem","description":"Unique Embalagem Big Bag e Bulkliners","publisher":{"@id":"https:\/\/uniqueembalagem.com.br\/#organization"},"potentialAction":[{"@type":"SearchAction","target":{"@type":"EntryPoint","urlTemplate":"https:\/\/uniqueembalagem.com.br\/?s={search_term_string}"},"query-input":{"@type":"PropertyValueSpecification","valueRequired":true,"valueName":"search_term_string"}}],"inLanguage":"en-US"},{"@type":"Organization","@id":"https:\/\/uniqueembalagem.com.br\/#organization","name":"Unique Embalagem","url":"https:\/\/uniqueembalagem.com.br\/","logo":{"@type":"ImageObject","inLanguage":"en-US","@id":"https:\/\/uniqueembalagem.com.br\/#\/schema\/logo\/image\/","url":"https:\/\/uniqueembalagem.com.br\/wp-content\/uploads\/2023\/10\/novo-logo.png","contentUrl":"https:\/\/uniqueembalagem.com.br\/wp-content\/uploads\/2023\/10\/novo-logo.png","width":146,"height":51,"caption":"Unique Embalagem"},"image":{"@id":"https:\/\/uniqueembalagem.com.br\/#\/schema\/logo\/image\/"},"sameAs":["https:\/\/www.instagram.com\/uniqueembalagem\/"]}]}},"_links":{"self":[{"href":"https:\/\/uniqueembalagem.com.br\/index.php\/wp-json\/wp\/v2\/product\/467"}],"collection":[{"href":"https:\/\/uniqueembalagem.com.br\/index.php\/wp-json\/wp\/v2\/product"}],"about":[{"href":"https:\/\/uniqueembalagem.com.br\/index.php\/wp-json\/wp\/v2\/types\/product"}],"replies":[{"embeddable":true,"href":"https:\/\/uniqueembalagem.com.br\/index.php\/wp-json\/wp\/v2\/comments?post=467"}],"wp:featuredmedia":[{"embeddable":true,"href":"https:\/\/uniqueembalagem.com.br\/index.php\/wp-json\/wp\/v2\/media\/468"}],"wp:attachment":[{"href":"https:\/\/uniqueembalagem.com.br\/index.php\/wp-json\/wp\/v2\/media?parent=467"}],"wp:term":[{"taxonomy":"product_cat","embeddable":true,"href":"https:\/\/uniqueembalagem.com.br\/index.php\/wp-json\/wp\/v2\/product_cat?post=467"},{"taxonomy":"product_tag","embeddable":true,"href":"https:\/\/uniqueembalagem.com.br\/index.php\/wp-json\/wp\/v2\/product_tag?post=467"}],"curies":[{"name":"wp","href":"https:\/\/api.w.org\/{rel}","templated":true}]}}