{"id":607,"date":"2024-09-05T01:16:25","date_gmt":"2024-09-05T04:16:25","guid":{"rendered":"https:\/\/uniqueembalagem.com.br\/?page_id=607"},"modified":"2024-09-05T01:28:06","modified_gmt":"2024-09-05T04:28:06","slug":"blog","status":"publish","type":"page","link":"https:\/\/uniqueembalagem.com.br\/index.php\/blog\/","title":{"rendered":"Blog"},"content":{"rendered":"\t\t<div data-elementor-type=\"wp-page\" data-elementor-id=\"607\" class=\"elementor elementor-607\" data-elementor-post-type=\"page\">\n\t\t\t\t\t\t\t<div class=\"elementor-element elementor-element-eb1a836 e-con-full e-flex e-con e-parent\" data-id=\"eb1a836\" data-element_type=\"container\" data-settings=\"{&quot;content_width&quot;:&quot;full&quot;,&quot;background_background&quot;:&quot;classic&quot;}\" data-core-v316-plus=\"true\">\n\t\t\t\t<\/div>\n\t\t<div class=\"elementor-element elementor-element-ee21261 e-flex e-con-boxed e-con e-parent\" data-id=\"ee21261\" data-element_type=\"container\" data-settings=\"{&quot;content_width&quot;:&quot;boxed&quot;}\" data-core-v316-plus=\"true\">\n\t\t\t\t\t<div class=\"e-con-inner\">\n\t\t\t\t<div class=\"elementor-element elementor-element-863fa2f elementor-widget elementor-widget-heading\" data-id=\"863fa2f\" data-element_type=\"widget\" data-widget_type=\"heading.default\">\n\t\t\t\t<div class=\"elementor-widget-container\">\n\t\t\t<style>\/*! elementor - v3.17.0 - 01-11-2023 *\/\n.elementor-heading-title{padding:0;margin:0;line-height:1}.elementor-widget-heading .elementor-heading-title[class*=elementor-size-]>a{color:inherit;font-size:inherit;line-height:inherit}.elementor-widget-heading .elementor-heading-title.elementor-size-small{font-size:15px}.elementor-widget-heading .elementor-heading-title.elementor-size-medium{font-size:19px}.elementor-widget-heading .elementor-heading-title.elementor-size-large{font-size:29px}.elementor-widget-heading .elementor-heading-title.elementor-size-xl{font-size:39px}.elementor-widget-heading .elementor-heading-title.elementor-size-xxl{font-size:59px}<\/style><h2 class=\"elementor-heading-title elementor-size-default\">Blog<\/h2>\t\t<\/div>\n\t\t\t\t<\/div>\n\t\t\t\t\t<\/div>\n\t\t\t\t<\/div>\n\t\t<div class=\"elementor-element elementor-element-4c7575d e-flex e-con-boxed e-con e-parent\" data-id=\"4c7575d\" data-element_type=\"container\" data-settings=\"{&quot;content_width&quot;:&quot;boxed&quot;}\" data-core-v316-plus=\"true\">\n\t\t\t\t\t<div class=\"e-con-inner\">\n\t\t\t\t<div class=\"elementor-element elementor-element-be268ec elementor-grid-3 elementor-grid-tablet-2 elementor-grid-mobile-1 elementor-widget elementor-widget-loop-grid\" data-id=\"be268ec\" data-element_type=\"widget\" data-settings=\"{&quot;template_id&quot;:612,&quot;_skin&quot;:&quot;post&quot;,&quot;columns&quot;:&quot;3&quot;,&quot;columns_tablet&quot;:&quot;2&quot;,&quot;columns_mobile&quot;:&quot;1&quot;,&quot;edit_handle_selector&quot;:&quot;[data-elementor-type=\\&quot;loop-item\\&quot;]&quot;,&quot;row_gap&quot;:{&quot;unit&quot;:&quot;px&quot;,&quot;size&quot;:&quot;&quot;,&quot;sizes&quot;:[]},&quot;row_gap_tablet&quot;:{&quot;unit&quot;:&quot;px&quot;,&quot;size&quot;:&quot;&quot;,&quot;sizes&quot;:[]},&quot;row_gap_mobile&quot;:{&quot;unit&quot;:&quot;px&quot;,&quot;size&quot;:&quot;&quot;,&quot;sizes&quot;:[]}}\" data-widget_type=\"loop-grid.post\">\n\t\t\t\t<div class=\"elementor-widget-container\">\n\t\t\t<link rel=\"stylesheet\" href=\"https:\/\/uniqueembalagem.com.br\/wp-content\/plugins\/elementor-pro\/assets\/css\/widget-loop-builder.min.css\">\t\t<div class=\"elementor-loop-container elementor-grid\">\n\t\t<style id=\"loop-612\">.elementor-612 .elementor-element.elementor-element-e7b4229{--display:flex;--background-transition:0.3s;}.elementor-612 .elementor-element.elementor-element-683a8ca{text-align:center;}.elementor-612 .elementor-element.elementor-element-677ea72 .elementor-widget-container{text-align:center;color:#838383;line-height:22px;}<\/style>\t\t<div data-elementor-type=\"loop-item\" data-elementor-id=\"612\" class=\"elementor elementor-612 e-loop-item e-loop-item-659 post-659 post type-post status-publish format-standard has-post-thumbnail hentry category-blog tag-bulkliner tag-cafe tag-graos tag-industria\" data-elementor-post-type=\"elementor_library\" data-custom-edit-handle=\"1\">\n\t\t\t\t\t\t<a class=\"elementor-element elementor-element-e7b4229 e-flex e-con-boxed e-con e-parent\" data-id=\"e7b4229\" data-element_type=\"container\" data-settings=\"{&quot;content_width&quot;:&quot;boxed&quot;}\" data-core-v316-plus=\"true\" href=\"https:\/\/uniqueembalagem.com.br\/index.php\/2024\/10\/25\/para-que-serve-um-bulkliner\/\">\n\t\t\t\t\t<div class=\"e-con-inner\">\n\t\t\t\t<div class=\"elementor-element elementor-element-55f34a5 elementor-widget elementor-widget-theme-post-featured-image elementor-widget-image\" data-id=\"55f34a5\" data-element_type=\"widget\" data-widget_type=\"theme-post-featured-image.default\">\n\t\t\t\t<div class=\"elementor-widget-container\">\n\t\t\t<style>\/*! elementor - v3.17.0 - 01-11-2023 *\/\n.elementor-widget-image{text-align:center}.elementor-widget-image a{display:inline-block}.elementor-widget-image a img[src$=\".svg\"]{width:48px}.elementor-widget-image img{vertical-align:middle;display:inline-block}<\/style>\t\t\t\t\t\t\t\t\t\t\t\t<img fetchpriority=\"high\" decoding=\"async\" width=\"768\" height=\"1024\" src=\"https:\/\/uniqueembalagem.com.br\/wp-content\/uploads\/2023\/11\/BULK-LINER-4-768x1024.jpeg\" class=\"attachment-large size-large wp-image-550\" alt=\"BULK LINER\" srcset=\"https:\/\/uniqueembalagem.com.br\/wp-content\/uploads\/2023\/11\/BULK-LINER-4-768x1024.jpeg 768w, https:\/\/uniqueembalagem.com.br\/wp-content\/uploads\/2023\/11\/BULK-LINER-4-225x300.jpeg 225w, https:\/\/uniqueembalagem.com.br\/wp-content\/uploads\/2023\/11\/BULK-LINER-4-1152x1536.jpeg 1152w, https:\/\/uniqueembalagem.com.br\/wp-content\/uploads\/2023\/11\/BULK-LINER-4-600x800.jpeg 600w, https:\/\/uniqueembalagem.com.br\/wp-content\/uploads\/2023\/11\/BULK-LINER-4.jpeg 1200w\" sizes=\"(max-width: 768px) 100vw, 768px\" \/>\t\t\t\t\t\t\t\t\t\t\t\t\t\t\t<\/div>\n\t\t\t\t<\/div>\n\t\t\t\t<div class=\"elementor-element elementor-element-683a8ca elementor-widget elementor-widget-theme-post-title elementor-page-title elementor-widget-heading\" data-id=\"683a8ca\" data-element_type=\"widget\" data-widget_type=\"theme-post-title.default\">\n\t\t\t\t<div class=\"elementor-widget-container\">\n\t\t\t<h4 class=\"elementor-heading-title elementor-size-default\">Para que serve um Bulkliner ?<\/h4>\t\t<\/div>\n\t\t\t\t<\/div>\n\t\t\t\t\t<\/div>\n\t\t\t\t<\/a>\n\t\t\t\t\t\t<\/div>\n\t\t\t\t<div data-elementor-type=\"loop-item\" data-elementor-id=\"612\" class=\"elementor elementor-612 e-loop-item e-loop-item-654 post-654 post type-post status-publish format-standard has-post-thumbnail hentry category-blog\" data-elementor-post-type=\"elementor_library\" data-custom-edit-handle=\"1\">\n\t\t\t\t\t\t<a class=\"elementor-element elementor-element-e7b4229 e-flex e-con-boxed e-con e-parent\" data-id=\"e7b4229\" data-element_type=\"container\" data-settings=\"{&quot;content_width&quot;:&quot;boxed&quot;}\" data-core-v316-plus=\"true\" href=\"https:\/\/uniqueembalagem.com.br\/index.php\/2024\/10\/15\/big-bag-alpha-2\/\">\n\t\t\t\t\t<div class=\"e-con-inner\">\n\t\t\t\t<div class=\"elementor-element elementor-element-55f34a5 elementor-widget elementor-widget-theme-post-featured-image elementor-widget-image\" data-id=\"55f34a5\" data-element_type=\"widget\" data-widget_type=\"theme-post-featured-image.default\">\n\t\t\t\t<div class=\"elementor-widget-container\">\n\t\t\t\t\t\t\t\t\t\t\t\t\t\t\t<img decoding=\"async\" width=\"768\" height=\"1024\" src=\"https:\/\/uniqueembalagem.com.br\/wp-content\/uploads\/2024\/10\/big_bags_alpha-768x1024.jpg\" class=\"attachment-large size-large wp-image-655\" alt=\"\" \/>\t\t\t\t\t\t\t\t\t\t\t\t\t\t\t<\/div>\n\t\t\t\t<\/div>\n\t\t\t\t<div class=\"elementor-element elementor-element-683a8ca elementor-widget elementor-widget-theme-post-title elementor-page-title elementor-widget-heading\" data-id=\"683a8ca\" data-element_type=\"widget\" data-widget_type=\"theme-post-title.default\">\n\t\t\t\t<div class=\"elementor-widget-container\">\n\t\t\t<h4 class=\"elementor-heading-title elementor-size-default\">Big Bags Alpha: Efici\u00eancia e Praticidade \u00e0 Pronta Entrega na Unique Embalagem<\/h4>\t\t<\/div>\n\t\t\t\t<\/div>\n\t\t\t\t\t<\/div>\n\t\t\t\t<\/a>\n\t\t\t\t\t\t<\/div>\n\t\t\t\t<div data-elementor-type=\"loop-item\" data-elementor-id=\"612\" class=\"elementor elementor-612 e-loop-item e-loop-item-648 post-648 post type-post status-publish format-standard hentry category-blog tag-big-bag-alpha tag-pronta-entrega\" data-elementor-post-type=\"elementor_library\" data-custom-edit-handle=\"1\">\n\t\t\t\t\t\t<a class=\"elementor-element elementor-element-e7b4229 e-flex e-con-boxed e-con e-parent\" data-id=\"e7b4229\" data-element_type=\"container\" data-settings=\"{&quot;content_width&quot;:&quot;boxed&quot;}\" data-core-v316-plus=\"true\" href=\"https:\/\/uniqueembalagem.com.br\/index.php\/2024\/09\/10\/big-bags-alpha-a-pronta-entrega\/\">\n\t\t\t\t\t<div class=\"e-con-inner\">\n\t\t\t\t<div class=\"elementor-element elementor-element-683a8ca elementor-widget elementor-widget-theme-post-title elementor-page-title elementor-widget-heading\" data-id=\"683a8ca\" data-element_type=\"widget\" data-widget_type=\"theme-post-title.default\">\n\t\t\t\t<div class=\"elementor-widget-container\">\n\t\t\t<h4 class=\"elementor-heading-title elementor-size-default\">Big Bags Alpha a Pronta Entrega:<\/h4>\t\t<\/div>\n\t\t\t\t<\/div>\n\t\t\t\t\t<\/div>\n\t\t\t\t<\/a>\n\t\t\t\t\t\t<\/div>\n\t\t\t\t<div data-elementor-type=\"loop-item\" data-elementor-id=\"612\" class=\"elementor elementor-612 e-loop-item e-loop-item-643 post-643 post type-post status-publish format-standard has-post-thumbnail hentry category-blog tag-big-bags tag-bulkliner tag-fibc tag-industria tag-materiais-a-granel\" data-elementor-post-type=\"elementor_library\" data-custom-edit-handle=\"1\">\n\t\t\t\t\t\t<a class=\"elementor-element elementor-element-e7b4229 e-flex e-con-boxed e-con e-parent\" data-id=\"e7b4229\" data-element_type=\"container\" data-settings=\"{&quot;content_width&quot;:&quot;boxed&quot;}\" data-core-v316-plus=\"true\" href=\"https:\/\/uniqueembalagem.com.br\/index.php\/2024\/09\/05\/big-bag-a-solucao-flexivel-e-eficiente-para-transporte-e-armazenamento\/\">\n\t\t\t\t\t<div class=\"e-con-inner\">\n\t\t\t\t<div class=\"elementor-element elementor-element-55f34a5 elementor-widget elementor-widget-theme-post-featured-image elementor-widget-image\" data-id=\"55f34a5\" data-element_type=\"widget\" data-widget_type=\"theme-post-featured-image.default\">\n\t\t\t\t<div class=\"elementor-widget-container\">\n\t\t\t\t\t\t\t\t\t\t\t\t\t\t\t<img decoding=\"async\" width=\"950\" height=\"950\" src=\"https:\/\/uniqueembalagem.com.br\/wp-content\/uploads\/2023\/11\/bigbag-1024x1024.png\" class=\"attachment-large size-large wp-image-395\" alt=\"\" srcset=\"https:\/\/uniqueembalagem.com.br\/wp-content\/uploads\/2023\/11\/bigbag-1024x1024.png 1024w, https:\/\/uniqueembalagem.com.br\/wp-content\/uploads\/2023\/11\/bigbag-300x300.png 300w, https:\/\/uniqueembalagem.com.br\/wp-content\/uploads\/2023\/11\/bigbag-150x150.png 150w, https:\/\/uniqueembalagem.com.br\/wp-content\/uploads\/2023\/11\/bigbag-768x768.png 768w, https:\/\/uniqueembalagem.com.br\/wp-content\/uploads\/2023\/11\/bigbag-500x500.png 500w, https:\/\/uniqueembalagem.com.br\/wp-content\/uploads\/2023\/11\/bigbag-600x600.png 600w, https:\/\/uniqueembalagem.com.br\/wp-content\/uploads\/2023\/11\/bigbag-100x100.png 100w, https:\/\/uniqueembalagem.com.br\/wp-content\/uploads\/2023\/11\/bigbag.png 1080w\" sizes=\"(max-width: 950px) 100vw, 950px\" \/>\t\t\t\t\t\t\t\t\t\t\t\t\t\t\t<\/div>\n\t\t\t\t<\/div>\n\t\t\t\t<div class=\"elementor-element elementor-element-683a8ca elementor-widget elementor-widget-theme-post-title elementor-page-title elementor-widget-heading\" data-id=\"683a8ca\" data-element_type=\"widget\" data-widget_type=\"theme-post-title.default\">\n\t\t\t\t<div class=\"elementor-widget-container\">\n\t\t\t<h4 class=\"elementor-heading-title elementor-size-default\">Big Bag: A Solu\u00e7\u00e3o Flex\u00edvel e Eficiente para Transporte e Armazenamento<\/h4>\t\t<\/div>\n\t\t\t\t<\/div>\n\t\t\t\t\t<\/div>\n\t\t\t\t<\/a>\n\t\t\t\t\t\t<\/div>\n\t\t\t\t<div data-elementor-type=\"loop-item\" data-elementor-id=\"612\" class=\"elementor elementor-612 e-loop-item e-loop-item-330 post-330 post type-post status-publish format-standard has-post-thumbnail hentry category-blog tag-big-bag tag-cafe tag-graos\" data-elementor-post-type=\"elementor_library\" data-custom-edit-handle=\"1\">\n\t\t\t\t\t\t<a class=\"elementor-element elementor-element-e7b4229 e-flex e-con-boxed e-con e-parent\" data-id=\"e7b4229\" data-element_type=\"container\" data-settings=\"{&quot;content_width&quot;:&quot;boxed&quot;}\" data-core-v316-plus=\"true\" href=\"https:\/\/uniqueembalagem.com.br\/index.php\/2023\/11\/09\/big-bag-alpha\/\">\n\t\t\t\t\t<div class=\"e-con-inner\">\n\t\t\t\t<div class=\"elementor-element elementor-element-55f34a5 elementor-widget elementor-widget-theme-post-featured-image elementor-widget-image\" data-id=\"55f34a5\" data-element_type=\"widget\" data-widget_type=\"theme-post-featured-image.default\">\n\t\t\t\t<div class=\"elementor-widget-container\">\n\t\t\t\t\t\t\t\t\t\t\t\t\t\t\t<img loading=\"lazy\" decoding=\"async\" width=\"950\" height=\"634\" src=\"https:\/\/uniqueembalagem.com.br\/wp-content\/uploads\/2023\/11\/AdobeStock_241420077-1024x683.jpeg\" class=\"attachment-large size-large wp-image-250\" alt=\"\" srcset=\"https:\/\/uniqueembalagem.com.br\/wp-content\/uploads\/2023\/11\/AdobeStock_241420077-1024x683.jpeg 1024w, https:\/\/uniqueembalagem.com.br\/wp-content\/uploads\/2023\/11\/AdobeStock_241420077-scaled-600x400.jpeg 600w, https:\/\/uniqueembalagem.com.br\/wp-content\/uploads\/2023\/11\/AdobeStock_241420077-300x200.jpeg 300w, https:\/\/uniqueembalagem.com.br\/wp-content\/uploads\/2023\/11\/AdobeStock_241420077-768x512.jpeg 768w, https:\/\/uniqueembalagem.com.br\/wp-content\/uploads\/2023\/11\/AdobeStock_241420077-1536x1024.jpeg 1536w, https:\/\/uniqueembalagem.com.br\/wp-content\/uploads\/2023\/11\/AdobeStock_241420077-2048x1365.jpeg 2048w\" sizes=\"(max-width: 950px) 100vw, 950px\" \/>\t\t\t\t\t\t\t\t\t\t\t\t\t\t\t<\/div>\n\t\t\t\t<\/div>\n\t\t\t\t<div class=\"elementor-element elementor-element-683a8ca elementor-widget elementor-widget-theme-post-title elementor-page-title elementor-widget-heading\" data-id=\"683a8ca\" data-element_type=\"widget\" data-widget_type=\"theme-post-title.default\">\n\t\t\t\t<div class=\"elementor-widget-container\">\n\t\t\t<h4 class=\"elementor-heading-title elementor-size-default\">Big Bag Alpha: Uma Solu\u00e7\u00e3o Robusta e Vers\u00e1til<\/h4>\t\t<\/div>\n\t\t\t\t<\/div>\n\t\t\t\t<div class=\"elementor-element elementor-element-677ea72 elementor-widget elementor-widget-theme-post-excerpt\" data-id=\"677ea72\" data-element_type=\"widget\" data-widget_type=\"theme-post-excerpt.default\">\n\t\t\t\t<div class=\"elementor-widget-container\">\n\t\t\t\u2022 Exporta\u00e7\u00e3o em container sem paletes\n\u2022 Capacidade de 1000 kgs\t\t<\/div>\n\t\t\t\t<\/div>\n\t\t\t\t\t<\/div>\n\t\t\t\t<\/a>\n\t\t\t\t\t\t<\/div>\n\t\t\t\t<\/div>\n\t\t\n\t\t\t\t<\/div>\n\t\t\t\t<\/div>\n\t\t\t\t\t<\/div>\n\t\t\t\t<\/div>\n\t\t\t\t\t\t\t<\/div>\n\t\t","protected":false},"excerpt":{"rendered":"<p>Blog<\/p>\n","protected":false},"author":2,"featured_media":0,"parent":0,"menu_order":0,"comment_status":"closed","ping_status":"closed","template":"","meta":{"footnotes":"","_joinchat":[]},"blocksy_meta":"","yoast_head":"<!-- This site is optimized with the Yoast SEO plugin v23.4 - https:\/\/yoast.com\/wordpress\/plugins\/seo\/ -->\n<title>Blog - Unique Embalagem<\/title>\n<meta name=\"robots\" content=\"index, follow, max-snippet:-1, max-image-preview:large, max-video-preview:-1\" \/>\n<link rel=\"canonical\" href=\"https:\/\/uniqueembalagem.com.br\/index.php\/blog\/\" \/>\n<meta property=\"og:locale\" content=\"en_US\" \/>\n<meta property=\"og:type\" content=\"article\" \/>\n<meta property=\"og:title\" content=\"Blog - Unique Embalagem\" \/>\n<meta property=\"og:description\" content=\"Blog\" \/>\n<meta property=\"og:url\" content=\"https:\/\/uniqueembalagem.com.br\/index.php\/blog\/\" \/>\n<meta property=\"og:site_name\" content=\"Unique Embalagem\" \/>\n<meta property=\"article:modified_time\" content=\"2024-09-05T04:28:06+00:00\" \/>\n<meta property=\"og:image\" content=\"https:\/\/uniqueembalagem.com.br\/wp-content\/uploads\/2023\/11\/202311-PizziPacking_BagAlfa_FT-e1726156581183.png\" \/>\n\t<meta property=\"og:image:width\" content=\"500\" \/>\n\t<meta property=\"og:image:height\" content=\"500\" \/>\n\t<meta property=\"og:image:type\" content=\"image\/png\" \/>\n<meta name=\"twitter:card\" content=\"summary_large_image\" \/>\n<script type=\"application\/ld+json\" class=\"yoast-schema-graph\">{\"@context\":\"https:\/\/schema.org\",\"@graph\":[{\"@type\":\"WebPage\",\"@id\":\"https:\/\/uniqueembalagem.com.br\/index.php\/blog\/\",\"url\":\"https:\/\/uniqueembalagem.com.br\/index.php\/blog\/\",\"name\":\"Blog - Unique Embalagem\",\"isPartOf\":{\"@id\":\"https:\/\/uniqueembalagem.com.br\/#website\"},\"datePublished\":\"2024-09-05T04:16:25+00:00\",\"dateModified\":\"2024-09-05T04:28:06+00:00\",\"breadcrumb\":{\"@id\":\"https:\/\/uniqueembalagem.com.br\/index.php\/blog\/#breadcrumb\"},\"inLanguage\":\"en-US\",\"potentialAction\":[{\"@type\":\"ReadAction\",\"target\":[\"https:\/\/uniqueembalagem.com.br\/index.php\/blog\/\"]}]},{\"@type\":\"BreadcrumbList\",\"@id\":\"https:\/\/uniqueembalagem.com.br\/index.php\/blog\/#breadcrumb\",\"itemListElement\":[{\"@type\":\"ListItem\",\"position\":1,\"name\":\"Home\",\"item\":\"https:\/\/uniqueembalagem.com.br\/\"},{\"@type\":\"ListItem\",\"position\":2,\"name\":\"Blog\"}]},{\"@type\":\"WebSite\",\"@id\":\"https:\/\/uniqueembalagem.com.br\/#website\",\"url\":\"https:\/\/uniqueembalagem.com.br\/\",\"name\":\"Unique Embalagem\",\"description\":\"Unique Embalagem Big Bag e Bulkliners\",\"publisher\":{\"@id\":\"https:\/\/uniqueembalagem.com.br\/#organization\"},\"potentialAction\":[{\"@type\":\"SearchAction\",\"target\":{\"@type\":\"EntryPoint\",\"urlTemplate\":\"https:\/\/uniqueembalagem.com.br\/?s={search_term_string}\"},\"query-input\":{\"@type\":\"PropertyValueSpecification\",\"valueRequired\":true,\"valueName\":\"search_term_string\"}}],\"inLanguage\":\"en-US\"},{\"@type\":\"Organization\",\"@id\":\"https:\/\/uniqueembalagem.com.br\/#organization\",\"name\":\"Unique Embalagem\",\"url\":\"https:\/\/uniqueembalagem.com.br\/\",\"logo\":{\"@type\":\"ImageObject\",\"inLanguage\":\"en-US\",\"@id\":\"https:\/\/uniqueembalagem.com.br\/#\/schema\/logo\/image\/\",\"url\":\"https:\/\/uniqueembalagem.com.br\/wp-content\/uploads\/2023\/10\/novo-logo.png\",\"contentUrl\":\"https:\/\/uniqueembalagem.com.br\/wp-content\/uploads\/2023\/10\/novo-logo.png\",\"width\":146,\"height\":51,\"caption\":\"Unique Embalagem\"},\"image\":{\"@id\":\"https:\/\/uniqueembalagem.com.br\/#\/schema\/logo\/image\/\"},\"sameAs\":[\"https:\/\/www.instagram.com\/uniqueembalagem\/\"]}]}<\/script>\n<!-- \/ Yoast SEO plugin. -->","yoast_head_json":{"title":"Blog - Unique Embalagem","robots":{"index":"index","follow":"follow","max-snippet":"max-snippet:-1","max-image-preview":"max-image-preview:large","max-video-preview":"max-video-preview:-1"},"canonical":"https:\/\/uniqueembalagem.com.br\/index.php\/blog\/","og_locale":"en_US","og_type":"article","og_title":"Blog - Unique Embalagem","og_description":"Blog","og_url":"https:\/\/uniqueembalagem.com.br\/index.php\/blog\/","og_site_name":"Unique Embalagem","article_modified_time":"2024-09-05T04:28:06+00:00","og_image":[{"width":500,"height":500,"url":"https:\/\/uniqueembalagem.com.br\/wp-content\/uploads\/2023\/11\/202311-PizziPacking_BagAlfa_FT-e1726156581183.png","type":"image\/png"}],"twitter_card":"summary_large_image","schema":{"@context":"https:\/\/schema.org","@graph":[{"@type":"WebPage","@id":"https:\/\/uniqueembalagem.com.br\/index.php\/blog\/","url":"https:\/\/uniqueembalagem.com.br\/index.php\/blog\/","name":"Blog - Unique Embalagem","isPartOf":{"@id":"https:\/\/uniqueembalagem.com.br\/#website"},"datePublished":"2024-09-05T04:16:25+00:00","dateModified":"2024-09-05T04:28:06+00:00","breadcrumb":{"@id":"https:\/\/uniqueembalagem.com.br\/index.php\/blog\/#breadcrumb"},"inLanguage":"en-US","potentialAction":[{"@type":"ReadAction","target":["https:\/\/uniqueembalagem.com.br\/index.php\/blog\/"]}]},{"@type":"BreadcrumbList","@id":"https:\/\/uniqueembalagem.com.br\/index.php\/blog\/#breadcrumb","itemListElement":[{"@type":"ListItem","position":1,"name":"Home","item":"https:\/\/uniqueembalagem.com.br\/"},{"@type":"ListItem","position":2,"name":"Blog"}]},{"@type":"WebSite","@id":"https:\/\/uniqueembalagem.com.br\/#website","url":"https:\/\/uniqueembalagem.com.br\/","name":"Unique Embalagem","description":"Unique Embalagem Big Bag e Bulkliners","publisher":{"@id":"https:\/\/uniqueembalagem.com.br\/#organization"},"potentialAction":[{"@type":"SearchAction","target":{"@type":"EntryPoint","urlTemplate":"https:\/\/uniqueembalagem.com.br\/?s={search_term_string}"},"query-input":{"@type":"PropertyValueSpecification","valueRequired":true,"valueName":"search_term_string"}}],"inLanguage":"en-US"},{"@type":"Organization","@id":"https:\/\/uniqueembalagem.com.br\/#organization","name":"Unique Embalagem","url":"https:\/\/uniqueembalagem.com.br\/","logo":{"@type":"ImageObject","inLanguage":"en-US","@id":"https:\/\/uniqueembalagem.com.br\/#\/schema\/logo\/image\/","url":"https:\/\/uniqueembalagem.com.br\/wp-content\/uploads\/2023\/10\/novo-logo.png","contentUrl":"https:\/\/uniqueembalagem.com.br\/wp-content\/uploads\/2023\/10\/novo-logo.png","width":146,"height":51,"caption":"Unique Embalagem"},"image":{"@id":"https:\/\/uniqueembalagem.com.br\/#\/schema\/logo\/image\/"},"sameAs":["https:\/\/www.instagram.com\/uniqueembalagem\/"]}]}},"_links":{"self":[{"href":"https:\/\/uniqueembalagem.com.br\/index.php\/wp-json\/wp\/v2\/pages\/607"}],"collection":[{"href":"https:\/\/uniqueembalagem.com.br\/index.php\/wp-json\/wp\/v2\/pages"}],"about":[{"href":"https:\/\/uniqueembalagem.com.br\/index.php\/wp-json\/wp\/v2\/types\/page"}],"author":[{"embeddable":true,"href":"https:\/\/uniqueembalagem.com.br\/index.php\/wp-json\/wp\/v2\/users\/2"}],"replies":[{"embeddable":true,"href":"https:\/\/uniqueembalagem.com.br\/index.php\/wp-json\/wp\/v2\/comments?post=607"}],"version-history":[{"count":13,"href":"https:\/\/uniqueembalagem.com.br\/index.php\/wp-json\/wp\/v2\/pages\/607\/revisions"}],"predecessor-version":[{"id":634,"href":"https:\/\/uniqueembalagem.com.br\/index.php\/wp-json\/wp\/v2\/pages\/607\/revisions\/634"}],"wp:attachment":[{"href":"https:\/\/uniqueembalagem.com.br\/index.php\/wp-json\/wp\/v2\/media?parent=607"}],"curies":[{"name":"wp","href":"https:\/\/api.w.org\/{rel}","templated":true}]}}