{"id":130,"date":"2023-11-05T23:17:31","date_gmt":"2023-11-06T02:17:31","guid":{"rendered":"https:\/\/atos319.com.br\/unique\/?page_id=130"},"modified":"2023-11-15T09:59:27","modified_gmt":"2023-11-15T12:59:27","slug":"fale-com-a-gente","status":"publish","type":"page","link":"https:\/\/uniqueembalagem.com.br\/index.php\/fale-com-a-gente\/","title":{"rendered":"Fale conosco"},"content":{"rendered":"\t\t<div data-elementor-type=\"wp-page\" data-elementor-id=\"130\" class=\"elementor elementor-130\" data-elementor-post-type=\"page\">\n\t\t\t\t\t\t\t<div class=\"elementor-element elementor-element-35173e3 e-flex e-con-boxed e-con e-parent\" data-id=\"35173e3\" data-element_type=\"container\" data-settings=\"{&quot;background_background&quot;:&quot;classic&quot;,&quot;content_width&quot;:&quot;boxed&quot;}\" data-core-v316-plus=\"true\">\n\t\t\t\t\t<div class=\"e-con-inner\">\n\t\t\t\t\t<\/div>\n\t\t\t\t<\/div>\n\t\t<div class=\"elementor-element elementor-element-c15c1b1 e-flex e-con-boxed e-con e-parent\" data-id=\"c15c1b1\" data-element_type=\"container\" data-settings=\"{&quot;content_width&quot;:&quot;boxed&quot;}\" data-core-v316-plus=\"true\">\n\t\t\t\t\t<div class=\"e-con-inner\">\n\t\t\t\t<div class=\"elementor-element elementor-element-afe37de elementor-widget elementor-widget-heading\" data-id=\"afe37de\" data-element_type=\"widget\" data-widget_type=\"heading.default\">\n\t\t\t\t<div class=\"elementor-widget-container\">\n\t\t\t<style>\/*! elementor - v3.17.0 - 01-11-2023 *\/\n.elementor-heading-title{padding:0;margin:0;line-height:1}.elementor-widget-heading .elementor-heading-title[class*=elementor-size-]>a{color:inherit;font-size:inherit;line-height:inherit}.elementor-widget-heading .elementor-heading-title.elementor-size-small{font-size:15px}.elementor-widget-heading .elementor-heading-title.elementor-size-medium{font-size:19px}.elementor-widget-heading .elementor-heading-title.elementor-size-large{font-size:29px}.elementor-widget-heading .elementor-heading-title.elementor-size-xl{font-size:39px}.elementor-widget-heading .elementor-heading-title.elementor-size-xxl{font-size:59px}<\/style><h2 class=\"elementor-heading-title elementor-size-default\">Fale conosco<\/h2>\t\t<\/div>\n\t\t\t\t<\/div>\n\t\t\t\t<div class=\"elementor-element elementor-element-aa9c7d3 elementor-widget elementor-widget-text-editor\" data-id=\"aa9c7d3\" data-element_type=\"widget\" data-widget_type=\"text-editor.default\">\n\t\t\t\t<div class=\"elementor-widget-container\">\n\t\t\t<style>\/*! elementor - v3.17.0 - 01-11-2023 *\/\n.elementor-widget-text-editor.elementor-drop-cap-view-stacked .elementor-drop-cap{background-color:#69727d;color:#fff}.elementor-widget-text-editor.elementor-drop-cap-view-framed .elementor-drop-cap{color:#69727d;border:3px solid;background-color:transparent}.elementor-widget-text-editor:not(.elementor-drop-cap-view-default) .elementor-drop-cap{margin-top:8px}.elementor-widget-text-editor:not(.elementor-drop-cap-view-default) .elementor-drop-cap-letter{width:1em;height:1em}.elementor-widget-text-editor .elementor-drop-cap{float:left;text-align:center;line-height:1;font-size:50px}.elementor-widget-text-editor .elementor-drop-cap-letter{display:inline-block}<\/style>\t\t\t\t<div><div><div><strong>ALGUMA D\u00daVIDA? QUER FAZER UMA COTA\u00c7\u00c3O?<\/strong><\/div><\/div><div><div><div><h4><strong>NOS CHAME NO WHATSAPP<\/strong><\/h4><div><div><div><div><strong>Fica tranquilo, a gente responde em at\u00e9 10 minutos<\/strong><\/div><\/div><\/div><\/div><\/div><\/div><\/div><\/div>\t\t\t\t\t\t<\/div>\n\t\t\t\t<\/div>\n\t\t\t\t\t<\/div>\n\t\t\t\t<\/div>\n\t\t<div class=\"elementor-element elementor-element-e51d246 e-flex e-con-boxed e-con e-parent\" data-id=\"e51d246\" data-element_type=\"container\" data-settings=\"{&quot;content_width&quot;:&quot;boxed&quot;}\" data-core-v316-plus=\"true\">\n\t\t\t\t\t<div class=\"e-con-inner\">\n\t\t\t\t<div class=\"elementor-element elementor-element-f9fa15e elementor-button-success elementor-align-center elementor-widget elementor-widget-button\" data-id=\"f9fa15e\" data-element_type=\"widget\" data-widget_type=\"button.default\">\n\t\t\t\t<div class=\"elementor-widget-container\">\n\t\t\t\t\t<div class=\"elementor-button-wrapper\">\n\t\t\t<a class=\"elementor-button elementor-button-link elementor-size-xl\" href=\"http:\/\/wa.me\/5513996503001\" target=\"_blank\">\n\t\t\t\t\t\t<span class=\"elementor-button-content-wrapper\">\n\t\t\t\t\t\t<span class=\"elementor-button-icon elementor-align-icon-left\">\n\t\t\t\t<i aria-hidden=\"true\" class=\"fab fa-whatsapp\"><\/i>\t\t\t<\/span>\n\t\t\t\t\t\t<span class=\"elementor-button-text\">Fale Conosco<\/span>\n\t\t<\/span>\n\t\t\t\t\t<\/a>\n\t\t<\/div>\n\t\t\t\t<\/div>\n\t\t\t\t<\/div>\n\t\t\t\t\t<\/div>\n\t\t\t\t<\/div>\n\t\t\t\t\t\t\t<\/div>\n\t\t","protected":false},"excerpt":{"rendered":"<p>Fale conosco ALGUMA D\u00daVIDA? QUER FAZER UMA COTA\u00c7\u00c3O? NOS CHAME NO WHATSAPP Fica tranquilo, a gente responde em at\u00e9 10 minutos Fale Conosco<\/p>\n","protected":false},"author":1,"featured_media":0,"parent":0,"menu_order":0,"comment_status":"closed","ping_status":"closed","template":"","meta":{"footnotes":"","_joinchat":[]},"blocksy_meta":"","yoast_head":"<!-- This site is optimized with the Yoast SEO plugin v23.4 - https:\/\/yoast.com\/wordpress\/plugins\/seo\/ -->\n<title>Fale conosco - Unique Embalagem<\/title>\n<meta name=\"robots\" content=\"index, follow, max-snippet:-1, max-image-preview:large, max-video-preview:-1\" \/>\n<link rel=\"canonical\" href=\"https:\/\/uniqueembalagem.com.br\/index.php\/fale-com-a-gente\/\" \/>\n<meta property=\"og:locale\" content=\"en_US\" \/>\n<meta property=\"og:type\" content=\"article\" \/>\n<meta property=\"og:title\" content=\"Fale conosco - Unique Embalagem\" \/>\n<meta property=\"og:description\" content=\"Fale conosco ALGUMA D\u00daVIDA? QUER FAZER UMA COTA\u00c7\u00c3O? NOS CHAME NO WHATSAPP Fica tranquilo, a gente responde em at\u00e9 10 minutos Fale Conosco\" \/>\n<meta property=\"og:url\" content=\"https:\/\/uniqueembalagem.com.br\/index.php\/fale-com-a-gente\/\" \/>\n<meta property=\"og:site_name\" content=\"Unique Embalagem\" \/>\n<meta property=\"article:modified_time\" content=\"2023-11-15T12:59:27+00:00\" \/>\n<meta property=\"og:image\" content=\"https:\/\/uniqueembalagem.com.br\/wp-content\/uploads\/2023\/11\/202311-PizziPacking_BagAlfa_FT-e1726156581183.png\" \/>\n\t<meta property=\"og:image:width\" content=\"500\" \/>\n\t<meta property=\"og:image:height\" content=\"500\" \/>\n\t<meta property=\"og:image:type\" content=\"image\/png\" \/>\n<meta name=\"twitter:card\" content=\"summary_large_image\" \/>\n<script type=\"application\/ld+json\" class=\"yoast-schema-graph\">{\"@context\":\"https:\/\/schema.org\",\"@graph\":[{\"@type\":\"WebPage\",\"@id\":\"https:\/\/uniqueembalagem.com.br\/index.php\/fale-com-a-gente\/\",\"url\":\"https:\/\/uniqueembalagem.com.br\/index.php\/fale-com-a-gente\/\",\"name\":\"Fale conosco - Unique Embalagem\",\"isPartOf\":{\"@id\":\"https:\/\/uniqueembalagem.com.br\/#website\"},\"datePublished\":\"2023-11-06T02:17:31+00:00\",\"dateModified\":\"2023-11-15T12:59:27+00:00\",\"breadcrumb\":{\"@id\":\"https:\/\/uniqueembalagem.com.br\/index.php\/fale-com-a-gente\/#breadcrumb\"},\"inLanguage\":\"en-US\",\"potentialAction\":[{\"@type\":\"ReadAction\",\"target\":[\"https:\/\/uniqueembalagem.com.br\/index.php\/fale-com-a-gente\/\"]}]},{\"@type\":\"BreadcrumbList\",\"@id\":\"https:\/\/uniqueembalagem.com.br\/index.php\/fale-com-a-gente\/#breadcrumb\",\"itemListElement\":[{\"@type\":\"ListItem\",\"position\":1,\"name\":\"Home\",\"item\":\"https:\/\/uniqueembalagem.com.br\/\"},{\"@type\":\"ListItem\",\"position\":2,\"name\":\"Fale conosco\"}]},{\"@type\":\"WebSite\",\"@id\":\"https:\/\/uniqueembalagem.com.br\/#website\",\"url\":\"https:\/\/uniqueembalagem.com.br\/\",\"name\":\"Unique Embalagem\",\"description\":\"Unique Embalagem Big Bag e Bulkliners\",\"publisher\":{\"@id\":\"https:\/\/uniqueembalagem.com.br\/#organization\"},\"potentialAction\":[{\"@type\":\"SearchAction\",\"target\":{\"@type\":\"EntryPoint\",\"urlTemplate\":\"https:\/\/uniqueembalagem.com.br\/?s={search_term_string}\"},\"query-input\":{\"@type\":\"PropertyValueSpecification\",\"valueRequired\":true,\"valueName\":\"search_term_string\"}}],\"inLanguage\":\"en-US\"},{\"@type\":\"Organization\",\"@id\":\"https:\/\/uniqueembalagem.com.br\/#organization\",\"name\":\"Unique Embalagem\",\"url\":\"https:\/\/uniqueembalagem.com.br\/\",\"logo\":{\"@type\":\"ImageObject\",\"inLanguage\":\"en-US\",\"@id\":\"https:\/\/uniqueembalagem.com.br\/#\/schema\/logo\/image\/\",\"url\":\"https:\/\/uniqueembalagem.com.br\/wp-content\/uploads\/2023\/10\/novo-logo.png\",\"contentUrl\":\"https:\/\/uniqueembalagem.com.br\/wp-content\/uploads\/2023\/10\/novo-logo.png\",\"width\":146,\"height\":51,\"caption\":\"Unique Embalagem\"},\"image\":{\"@id\":\"https:\/\/uniqueembalagem.com.br\/#\/schema\/logo\/image\/\"},\"sameAs\":[\"https:\/\/www.instagram.com\/uniqueembalagem\/\"]}]}<\/script>\n<!-- \/ Yoast SEO plugin. -->","yoast_head_json":{"title":"Fale conosco - Unique Embalagem","robots":{"index":"index","follow":"follow","max-snippet":"max-snippet:-1","max-image-preview":"max-image-preview:large","max-video-preview":"max-video-preview:-1"},"canonical":"https:\/\/uniqueembalagem.com.br\/index.php\/fale-com-a-gente\/","og_locale":"en_US","og_type":"article","og_title":"Fale conosco - Unique Embalagem","og_description":"Fale conosco ALGUMA D\u00daVIDA? QUER FAZER UMA COTA\u00c7\u00c3O? NOS CHAME NO WHATSAPP Fica tranquilo, a gente responde em at\u00e9 10 minutos Fale Conosco","og_url":"https:\/\/uniqueembalagem.com.br\/index.php\/fale-com-a-gente\/","og_site_name":"Unique Embalagem","article_modified_time":"2023-11-15T12:59:27+00:00","og_image":[{"width":500,"height":500,"url":"https:\/\/uniqueembalagem.com.br\/wp-content\/uploads\/2023\/11\/202311-PizziPacking_BagAlfa_FT-e1726156581183.png","type":"image\/png"}],"twitter_card":"summary_large_image","schema":{"@context":"https:\/\/schema.org","@graph":[{"@type":"WebPage","@id":"https:\/\/uniqueembalagem.com.br\/index.php\/fale-com-a-gente\/","url":"https:\/\/uniqueembalagem.com.br\/index.php\/fale-com-a-gente\/","name":"Fale conosco - Unique Embalagem","isPartOf":{"@id":"https:\/\/uniqueembalagem.com.br\/#website"},"datePublished":"2023-11-06T02:17:31+00:00","dateModified":"2023-11-15T12:59:27+00:00","breadcrumb":{"@id":"https:\/\/uniqueembalagem.com.br\/index.php\/fale-com-a-gente\/#breadcrumb"},"inLanguage":"en-US","potentialAction":[{"@type":"ReadAction","target":["https:\/\/uniqueembalagem.com.br\/index.php\/fale-com-a-gente\/"]}]},{"@type":"BreadcrumbList","@id":"https:\/\/uniqueembalagem.com.br\/index.php\/fale-com-a-gente\/#breadcrumb","itemListElement":[{"@type":"ListItem","position":1,"name":"Home","item":"https:\/\/uniqueembalagem.com.br\/"},{"@type":"ListItem","position":2,"name":"Fale conosco"}]},{"@type":"WebSite","@id":"https:\/\/uniqueembalagem.com.br\/#website","url":"https:\/\/uniqueembalagem.com.br\/","name":"Unique Embalagem","description":"Unique Embalagem Big Bag e Bulkliners","publisher":{"@id":"https:\/\/uniqueembalagem.com.br\/#organization"},"potentialAction":[{"@type":"SearchAction","target":{"@type":"EntryPoint","urlTemplate":"https:\/\/uniqueembalagem.com.br\/?s={search_term_string}"},"query-input":{"@type":"PropertyValueSpecification","valueRequired":true,"valueName":"search_term_string"}}],"inLanguage":"en-US"},{"@type":"Organization","@id":"https:\/\/uniqueembalagem.com.br\/#organization","name":"Unique Embalagem","url":"https:\/\/uniqueembalagem.com.br\/","logo":{"@type":"ImageObject","inLanguage":"en-US","@id":"https:\/\/uniqueembalagem.com.br\/#\/schema\/logo\/image\/","url":"https:\/\/uniqueembalagem.com.br\/wp-content\/uploads\/2023\/10\/novo-logo.png","contentUrl":"https:\/\/uniqueembalagem.com.br\/wp-content\/uploads\/2023\/10\/novo-logo.png","width":146,"height":51,"caption":"Unique Embalagem"},"image":{"@id":"https:\/\/uniqueembalagem.com.br\/#\/schema\/logo\/image\/"},"sameAs":["https:\/\/www.instagram.com\/uniqueembalagem\/"]}]}},"_links":{"self":[{"href":"https:\/\/uniqueembalagem.com.br\/index.php\/wp-json\/wp\/v2\/pages\/130"}],"collection":[{"href":"https:\/\/uniqueembalagem.com.br\/index.php\/wp-json\/wp\/v2\/pages"}],"about":[{"href":"https:\/\/uniqueembalagem.com.br\/index.php\/wp-json\/wp\/v2\/types\/page"}],"author":[{"embeddable":true,"href":"https:\/\/uniqueembalagem.com.br\/index.php\/wp-json\/wp\/v2\/users\/1"}],"replies":[{"embeddable":true,"href":"https:\/\/uniqueembalagem.com.br\/index.php\/wp-json\/wp\/v2\/comments?post=130"}],"version-history":[{"count":18,"href":"https:\/\/uniqueembalagem.com.br\/index.php\/wp-json\/wp\/v2\/pages\/130\/revisions"}],"predecessor-version":[{"id":448,"href":"https:\/\/uniqueembalagem.com.br\/index.php\/wp-json\/wp\/v2\/pages\/130\/revisions\/448"}],"wp:attachment":[{"href":"https:\/\/uniqueembalagem.com.br\/index.php\/wp-json\/wp\/v2\/media?parent=130"}],"curies":[{"name":"wp","href":"https:\/\/api.w.org\/{rel}","templated":true}]}}