{"id":126,"date":"2023-11-05T23:17:02","date_gmt":"2023-11-06T02:17:02","guid":{"rendered":"https:\/\/atos319.com.br\/unique\/?page_id=126"},"modified":"2023-11-15T09:54:40","modified_gmt":"2023-11-15T12:54:40","slug":"empresa","status":"publish","type":"page","link":"https:\/\/uniqueembalagem.com.br\/index.php\/empresa\/","title":{"rendered":"Empresa"},"content":{"rendered":"\t\t<div data-elementor-type=\"wp-page\" data-elementor-id=\"126\" class=\"elementor elementor-126\" data-elementor-post-type=\"page\">\n\t\t\t\t\t\t\t<div class=\"elementor-element elementor-element-ea1d41b e-flex e-con-boxed e-con e-parent\" data-id=\"ea1d41b\" data-element_type=\"container\" data-settings=\"{&quot;background_background&quot;:&quot;classic&quot;,&quot;content_width&quot;:&quot;boxed&quot;}\" data-core-v316-plus=\"true\">\n\t\t\t\t\t<div class=\"e-con-inner\">\n\t\t\t\t\t<\/div>\n\t\t\t\t<\/div>\n\t\t<div class=\"elementor-element elementor-element-e804cff e-flex e-con-boxed e-con e-parent\" data-id=\"e804cff\" data-element_type=\"container\" data-settings=\"{&quot;content_width&quot;:&quot;boxed&quot;}\" data-core-v316-plus=\"true\">\n\t\t\t\t\t<div class=\"e-con-inner\">\n\t\t\t\t<div class=\"elementor-element elementor-element-f4a6ab6 elementor-widget elementor-widget-heading\" data-id=\"f4a6ab6\" data-element_type=\"widget\" data-widget_type=\"heading.default\">\n\t\t\t\t<div class=\"elementor-widget-container\">\n\t\t\t<style>\/*! elementor - v3.17.0 - 01-11-2023 *\/\n.elementor-heading-title{padding:0;margin:0;line-height:1}.elementor-widget-heading .elementor-heading-title[class*=elementor-size-]>a{color:inherit;font-size:inherit;line-height:inherit}.elementor-widget-heading .elementor-heading-title.elementor-size-small{font-size:15px}.elementor-widget-heading .elementor-heading-title.elementor-size-medium{font-size:19px}.elementor-widget-heading .elementor-heading-title.elementor-size-large{font-size:29px}.elementor-widget-heading .elementor-heading-title.elementor-size-xl{font-size:39px}.elementor-widget-heading .elementor-heading-title.elementor-size-xxl{font-size:59px}<\/style><h5 class=\"elementor-heading-title elementor-size-default\">Inova\u00e7\u00e3o, profissionalismo e sustentabilidade no DNA<\/h5>\t\t<\/div>\n\t\t\t\t<\/div>\n\t\t\t\t<div class=\"elementor-element elementor-element-b5bc036 elementor-widget elementor-widget-heading\" data-id=\"b5bc036\" data-element_type=\"widget\" data-widget_type=\"heading.default\">\n\t\t\t\t<div class=\"elementor-widget-container\">\n\t\t\t<h3 class=\"elementor-heading-title elementor-size-default\">Produtos que protegem o seu produto e o planeta.<\/h3>\t\t<\/div>\n\t\t\t\t<\/div>\n\t\t\t\t<div class=\"elementor-element elementor-element-30035be elementor-widget elementor-widget-text-editor\" data-id=\"30035be\" data-element_type=\"widget\" data-widget_type=\"text-editor.default\">\n\t\t\t\t<div class=\"elementor-widget-container\">\n\t\t\t<style>\/*! elementor - v3.17.0 - 01-11-2023 *\/\n.elementor-widget-text-editor.elementor-drop-cap-view-stacked .elementor-drop-cap{background-color:#69727d;color:#fff}.elementor-widget-text-editor.elementor-drop-cap-view-framed .elementor-drop-cap{color:#69727d;border:3px solid;background-color:transparent}.elementor-widget-text-editor:not(.elementor-drop-cap-view-default) .elementor-drop-cap{margin-top:8px}.elementor-widget-text-editor:not(.elementor-drop-cap-view-default) .elementor-drop-cap-letter{width:1em;height:1em}.elementor-widget-text-editor .elementor-drop-cap{float:left;text-align:center;line-height:1;font-size:50px}.elementor-widget-text-editor .elementor-drop-cap-letter{display:inline-block}<\/style>\t\t\t\t<p>Nossa empresa vem se destacando no mercado de embalagens especiais, em especial BIG BAGS e BULK LINERS,\u00a0 por nossa vis\u00e3o para inova\u00e7\u00e3o e sustentabilidade.<\/p><p>Nosso foco tem sido o desenvolvimento de embalagens especiais que atendam \u00e0s demandas dos nossos clientes de forma eficiente e inovadora.<\/p><p>Investimos muito em novas tecnologias e no aprimoramento do<b> <\/b>nosso capital humano, o que nos tornou refer\u00eancia em inova\u00e7\u00e3o, tecnologia e desenvolvimento de novas embalagens de BIG BAGS E BULK LINERS.<\/p>\t\t\t\t\t\t<\/div>\n\t\t\t\t<\/div>\n\t\t\t\t\t<\/div>\n\t\t\t\t<\/div>\n\t\t\t\t\t\t\t<\/div>\n\t\t","protected":false},"excerpt":{"rendered":"<p>Inova\u00e7\u00e3o, profissionalismo e sustentabilidade no DNA Produtos que protegem o seu produto e o planeta. Nossa empresa vem se destacando no mercado de embalagens especiais, em especial BIG BAGS e BULK LINERS,\u00a0 por nossa vis\u00e3o para inova\u00e7\u00e3o e sustentabilidade. Nosso foco tem sido o desenvolvimento de embalagens especiais que atendam \u00e0s demandas dos nossos clientes [&hellip;]<\/p>\n","protected":false},"author":1,"featured_media":0,"parent":0,"menu_order":0,"comment_status":"closed","ping_status":"closed","template":"","meta":{"footnotes":"","_joinchat":[]},"blocksy_meta":"","yoast_head":"<!-- This site is optimized with the Yoast SEO plugin v23.4 - https:\/\/yoast.com\/wordpress\/plugins\/seo\/ -->\n<title>Empresa - Unique Embalagem<\/title>\n<meta name=\"robots\" content=\"index, follow, max-snippet:-1, max-image-preview:large, max-video-preview:-1\" \/>\n<link rel=\"canonical\" href=\"https:\/\/uniqueembalagem.com.br\/index.php\/empresa\/\" \/>\n<meta property=\"og:locale\" content=\"en_US\" \/>\n<meta property=\"og:type\" content=\"article\" \/>\n<meta property=\"og:title\" content=\"Empresa - Unique Embalagem\" \/>\n<meta property=\"og:description\" content=\"Inova\u00e7\u00e3o, profissionalismo e sustentabilidade no DNA Produtos que protegem o seu produto e o planeta. Nossa empresa vem se destacando no mercado de embalagens especiais, em especial BIG BAGS e BULK LINERS,\u00a0 por nossa vis\u00e3o para inova\u00e7\u00e3o e sustentabilidade. Nosso foco tem sido o desenvolvimento de embalagens especiais que atendam \u00e0s demandas dos nossos clientes [&hellip;]\" \/>\n<meta property=\"og:url\" content=\"https:\/\/uniqueembalagem.com.br\/index.php\/empresa\/\" \/>\n<meta property=\"og:site_name\" content=\"Unique Embalagem\" \/>\n<meta property=\"article:modified_time\" content=\"2023-11-15T12:54:40+00:00\" \/>\n<meta property=\"og:image\" content=\"https:\/\/uniqueembalagem.com.br\/wp-content\/uploads\/2023\/11\/202311-PizziPacking_BagAlfa_FT-e1726156581183.png\" \/>\n\t<meta property=\"og:image:width\" content=\"500\" \/>\n\t<meta property=\"og:image:height\" content=\"500\" \/>\n\t<meta property=\"og:image:type\" content=\"image\/png\" \/>\n<meta name=\"twitter:card\" content=\"summary_large_image\" \/>\n<script type=\"application\/ld+json\" class=\"yoast-schema-graph\">{\"@context\":\"https:\/\/schema.org\",\"@graph\":[{\"@type\":\"WebPage\",\"@id\":\"https:\/\/uniqueembalagem.com.br\/index.php\/empresa\/\",\"url\":\"https:\/\/uniqueembalagem.com.br\/index.php\/empresa\/\",\"name\":\"Empresa - Unique Embalagem\",\"isPartOf\":{\"@id\":\"https:\/\/uniqueembalagem.com.br\/#website\"},\"datePublished\":\"2023-11-06T02:17:02+00:00\",\"dateModified\":\"2023-11-15T12:54:40+00:00\",\"breadcrumb\":{\"@id\":\"https:\/\/uniqueembalagem.com.br\/index.php\/empresa\/#breadcrumb\"},\"inLanguage\":\"en-US\",\"potentialAction\":[{\"@type\":\"ReadAction\",\"target\":[\"https:\/\/uniqueembalagem.com.br\/index.php\/empresa\/\"]}]},{\"@type\":\"BreadcrumbList\",\"@id\":\"https:\/\/uniqueembalagem.com.br\/index.php\/empresa\/#breadcrumb\",\"itemListElement\":[{\"@type\":\"ListItem\",\"position\":1,\"name\":\"Home\",\"item\":\"https:\/\/uniqueembalagem.com.br\/\"},{\"@type\":\"ListItem\",\"position\":2,\"name\":\"Empresa\"}]},{\"@type\":\"WebSite\",\"@id\":\"https:\/\/uniqueembalagem.com.br\/#website\",\"url\":\"https:\/\/uniqueembalagem.com.br\/\",\"name\":\"Unique Embalagem\",\"description\":\"Unique Embalagem Big Bag e Bulkliners\",\"publisher\":{\"@id\":\"https:\/\/uniqueembalagem.com.br\/#organization\"},\"potentialAction\":[{\"@type\":\"SearchAction\",\"target\":{\"@type\":\"EntryPoint\",\"urlTemplate\":\"https:\/\/uniqueembalagem.com.br\/?s={search_term_string}\"},\"query-input\":{\"@type\":\"PropertyValueSpecification\",\"valueRequired\":true,\"valueName\":\"search_term_string\"}}],\"inLanguage\":\"en-US\"},{\"@type\":\"Organization\",\"@id\":\"https:\/\/uniqueembalagem.com.br\/#organization\",\"name\":\"Unique Embalagem\",\"url\":\"https:\/\/uniqueembalagem.com.br\/\",\"logo\":{\"@type\":\"ImageObject\",\"inLanguage\":\"en-US\",\"@id\":\"https:\/\/uniqueembalagem.com.br\/#\/schema\/logo\/image\/\",\"url\":\"https:\/\/uniqueembalagem.com.br\/wp-content\/uploads\/2023\/10\/novo-logo.png\",\"contentUrl\":\"https:\/\/uniqueembalagem.com.br\/wp-content\/uploads\/2023\/10\/novo-logo.png\",\"width\":146,\"height\":51,\"caption\":\"Unique Embalagem\"},\"image\":{\"@id\":\"https:\/\/uniqueembalagem.com.br\/#\/schema\/logo\/image\/\"},\"sameAs\":[\"https:\/\/www.instagram.com\/uniqueembalagem\/\"]}]}<\/script>\n<!-- \/ Yoast SEO plugin. -->","yoast_head_json":{"title":"Empresa - Unique Embalagem","robots":{"index":"index","follow":"follow","max-snippet":"max-snippet:-1","max-image-preview":"max-image-preview:large","max-video-preview":"max-video-preview:-1"},"canonical":"https:\/\/uniqueembalagem.com.br\/index.php\/empresa\/","og_locale":"en_US","og_type":"article","og_title":"Empresa - Unique Embalagem","og_description":"Inova\u00e7\u00e3o, profissionalismo e sustentabilidade no DNA Produtos que protegem o seu produto e o planeta. Nossa empresa vem se destacando no mercado de embalagens especiais, em especial BIG BAGS e BULK LINERS,\u00a0 por nossa vis\u00e3o para inova\u00e7\u00e3o e sustentabilidade. Nosso foco tem sido o desenvolvimento de embalagens especiais que atendam \u00e0s demandas dos nossos clientes [&hellip;]","og_url":"https:\/\/uniqueembalagem.com.br\/index.php\/empresa\/","og_site_name":"Unique Embalagem","article_modified_time":"2023-11-15T12:54:40+00:00","og_image":[{"width":500,"height":500,"url":"https:\/\/uniqueembalagem.com.br\/wp-content\/uploads\/2023\/11\/202311-PizziPacking_BagAlfa_FT-e1726156581183.png","type":"image\/png"}],"twitter_card":"summary_large_image","schema":{"@context":"https:\/\/schema.org","@graph":[{"@type":"WebPage","@id":"https:\/\/uniqueembalagem.com.br\/index.php\/empresa\/","url":"https:\/\/uniqueembalagem.com.br\/index.php\/empresa\/","name":"Empresa - Unique Embalagem","isPartOf":{"@id":"https:\/\/uniqueembalagem.com.br\/#website"},"datePublished":"2023-11-06T02:17:02+00:00","dateModified":"2023-11-15T12:54:40+00:00","breadcrumb":{"@id":"https:\/\/uniqueembalagem.com.br\/index.php\/empresa\/#breadcrumb"},"inLanguage":"en-US","potentialAction":[{"@type":"ReadAction","target":["https:\/\/uniqueembalagem.com.br\/index.php\/empresa\/"]}]},{"@type":"BreadcrumbList","@id":"https:\/\/uniqueembalagem.com.br\/index.php\/empresa\/#breadcrumb","itemListElement":[{"@type":"ListItem","position":1,"name":"Home","item":"https:\/\/uniqueembalagem.com.br\/"},{"@type":"ListItem","position":2,"name":"Empresa"}]},{"@type":"WebSite","@id":"https:\/\/uniqueembalagem.com.br\/#website","url":"https:\/\/uniqueembalagem.com.br\/","name":"Unique Embalagem","description":"Unique Embalagem Big Bag e Bulkliners","publisher":{"@id":"https:\/\/uniqueembalagem.com.br\/#organization"},"potentialAction":[{"@type":"SearchAction","target":{"@type":"EntryPoint","urlTemplate":"https:\/\/uniqueembalagem.com.br\/?s={search_term_string}"},"query-input":{"@type":"PropertyValueSpecification","valueRequired":true,"valueName":"search_term_string"}}],"inLanguage":"en-US"},{"@type":"Organization","@id":"https:\/\/uniqueembalagem.com.br\/#organization","name":"Unique Embalagem","url":"https:\/\/uniqueembalagem.com.br\/","logo":{"@type":"ImageObject","inLanguage":"en-US","@id":"https:\/\/uniqueembalagem.com.br\/#\/schema\/logo\/image\/","url":"https:\/\/uniqueembalagem.com.br\/wp-content\/uploads\/2023\/10\/novo-logo.png","contentUrl":"https:\/\/uniqueembalagem.com.br\/wp-content\/uploads\/2023\/10\/novo-logo.png","width":146,"height":51,"caption":"Unique Embalagem"},"image":{"@id":"https:\/\/uniqueembalagem.com.br\/#\/schema\/logo\/image\/"},"sameAs":["https:\/\/www.instagram.com\/uniqueembalagem\/"]}]}},"_links":{"self":[{"href":"https:\/\/uniqueembalagem.com.br\/index.php\/wp-json\/wp\/v2\/pages\/126"}],"collection":[{"href":"https:\/\/uniqueembalagem.com.br\/index.php\/wp-json\/wp\/v2\/pages"}],"about":[{"href":"https:\/\/uniqueembalagem.com.br\/index.php\/wp-json\/wp\/v2\/types\/page"}],"author":[{"embeddable":true,"href":"https:\/\/uniqueembalagem.com.br\/index.php\/wp-json\/wp\/v2\/users\/1"}],"replies":[{"embeddable":true,"href":"https:\/\/uniqueembalagem.com.br\/index.php\/wp-json\/wp\/v2\/comments?post=126"}],"version-history":[{"count":16,"href":"https:\/\/uniqueembalagem.com.br\/index.php\/wp-json\/wp\/v2\/pages\/126\/revisions"}],"predecessor-version":[{"id":444,"href":"https:\/\/uniqueembalagem.com.br\/index.php\/wp-json\/wp\/v2\/pages\/126\/revisions\/444"}],"wp:attachment":[{"href":"https:\/\/uniqueembalagem.com.br\/index.php\/wp-json\/wp\/v2\/media?parent=126"}],"curies":[{"name":"wp","href":"https:\/\/api.w.org\/{rel}","templated":true}]}}